{"id":2571,"date":"2025-08-21T16:15:52","date_gmt":"2025-08-21T15:15:52","guid":{"rendered":"https:\/\/osb-connagtive.com\/privacy-policy-pt\/"},"modified":"2025-10-08T12:40:58","modified_gmt":"2025-10-08T11:40:58","slug":"politica-de-privacidade","status":"publish","type":"page","link":"https:\/\/osb-connagtive.com\/pt-pt\/politica-de-privacidade\/","title":{"rendered":"Pol\u00edtica de Privacidade"},"content":{"rendered":"<div id=\"cs-content\" class=\"cs-content\"><\/div>\n","protected":false},"excerpt":{"rendered":"<p>Pol\u00edtica de Privacidade Estamos muito satisfeitos pelo seu interesse na nossa empresa. A prote\u00e7\u00e3o de dados \u00e9 uma prioridade particularmente importante para a OSB connagtive GmbH. A utiliza\u00e7\u00e3o das p\u00e1ginas da Internet da OSB connagtive GmbH \u00e9 poss\u00edvel sem qualquer indica\u00e7\u00e3o de dados pessoais. No entanto, se um titular de dados desejar utilizar servi\u00e7os especiais da nossa empresa atrav\u00e9s do &#8230; <\/p>\n<div><a href=\"https:\/\/osb-connagtive.com\/pt-pt\/politica-de-privacidade\/\" class=\"more-link\">Read More<\/a><\/div>\n","protected":false},"author":2,"featured_media":0,"parent":0,"menu_order":0,"comment_status":"closed","ping_status":"closed","template":"template-blank-4.php","meta":{"_acf_changed":false,"footnotes":""},"class_list":["post-2571","page","type-page","status-publish","hentry","no-post-thumbnail"],"acf":[],"_links":{"self":[{"href":"https:\/\/osb-connagtive.com\/pt-pt\/wp-json\/wp\/v2\/pages\/2571","targetHints":{"allow":["GET"]}}],"collection":[{"href":"https:\/\/osb-connagtive.com\/pt-pt\/wp-json\/wp\/v2\/pages"}],"about":[{"href":"https:\/\/osb-connagtive.com\/pt-pt\/wp-json\/wp\/v2\/types\/page"}],"author":[{"embeddable":true,"href":"https:\/\/osb-connagtive.com\/pt-pt\/wp-json\/wp\/v2\/users\/2"}],"replies":[{"embeddable":true,"href":"https:\/\/osb-connagtive.com\/pt-pt\/wp-json\/wp\/v2\/comments?post=2571"}],"version-history":[{"count":12,"href":"https:\/\/osb-connagtive.com\/pt-pt\/wp-json\/wp\/v2\/pages\/2571\/revisions"}],"predecessor-version":[{"id":2712,"href":"https:\/\/osb-connagtive.com\/pt-pt\/wp-json\/wp\/v2\/pages\/2571\/revisions\/2712"}],"wp:attachment":[{"href":"https:\/\/osb-connagtive.com\/pt-pt\/wp-json\/wp\/v2\/media?parent=2571"}],"curies":[{"name":"wp","href":"https:\/\/api.w.org\/{rel}","templated":true}]}}