{"id":2508,"date":"2025-07-31T11:01:59","date_gmt":"2025-07-31T10:01:59","guid":{"rendered":"https:\/\/osb-connagtive.com\/isoapput-pt\/"},"modified":"2025-12-19T10:54:52","modified_gmt":"2025-12-19T09:54:52","slug":"isoapput","status":"publish","type":"page","link":"https:\/\/osb-connagtive.com\/pt-pt\/produtos\/isoapput\/","title":{"rendered":"ISOapp:ut+"},"content":{"rendered":"<div id=\"cs-content\" class=\"cs-content\"><\/div>\n","protected":false},"excerpt":{"rendered":"<p>ISOapp:ut+ Desenvolvido para programadores de terminais e equipes OEM, o ISOapp:ut+ oferece todas as principais fun\u00e7\u00f5es do servidor ISOBUS numa \u00fanica aplica\u00e7\u00e3o. A sua equipe reduz o esfor\u00e7o de desenvolvimento, garante a conformidade e mant\u00e9m os terminais retrofit econ\u00f3micos.Entre em contatoAplica\u00e7\u00e3o Smart ISOBUS para terminais retrofit O ISOapp:ut+ oferece \u00e0 sua equipe uma aplica\u00e7\u00e3o ISOBUS pronta a usar para terminais &#8230; <\/p>\n<div><a href=\"https:\/\/osb-connagtive.com\/pt-pt\/produtos\/isoapput\/\" class=\"more-link\">Read More<\/a><\/div>\n","protected":false},"author":2,"featured_media":0,"parent":2293,"menu_order":0,"comment_status":"closed","ping_status":"closed","template":"template-blank-4.php","meta":{"_acf_changed":false,"footnotes":""},"class_list":["post-2508","page","type-page","status-publish","hentry","no-post-thumbnail"],"acf":[],"_links":{"self":[{"href":"https:\/\/osb-connagtive.com\/pt-pt\/wp-json\/wp\/v2\/pages\/2508","targetHints":{"allow":["GET"]}}],"collection":[{"href":"https:\/\/osb-connagtive.com\/pt-pt\/wp-json\/wp\/v2\/pages"}],"about":[{"href":"https:\/\/osb-connagtive.com\/pt-pt\/wp-json\/wp\/v2\/types\/page"}],"author":[{"embeddable":true,"href":"https:\/\/osb-connagtive.com\/pt-pt\/wp-json\/wp\/v2\/users\/2"}],"replies":[{"embeddable":true,"href":"https:\/\/osb-connagtive.com\/pt-pt\/wp-json\/wp\/v2\/comments?post=2508"}],"version-history":[{"count":22,"href":"https:\/\/osb-connagtive.com\/pt-pt\/wp-json\/wp\/v2\/pages\/2508\/revisions"}],"predecessor-version":[{"id":3825,"href":"https:\/\/osb-connagtive.com\/pt-pt\/wp-json\/wp\/v2\/pages\/2508\/revisions\/3825"}],"up":[{"embeddable":true,"href":"https:\/\/osb-connagtive.com\/pt-pt\/wp-json\/wp\/v2\/pages\/2293"}],"wp:attachment":[{"href":"https:\/\/osb-connagtive.com\/pt-pt\/wp-json\/wp\/v2\/media?parent=2508"}],"curies":[{"name":"wp","href":"https:\/\/api.w.org\/{rel}","templated":true}]}}