{"id":2430,"date":"2025-07-31T11:00:54","date_gmt":"2025-07-31T10:00:54","guid":{"rendered":"https:\/\/osb-connagtive.com\/isosimulate-pt\/"},"modified":"2025-12-19T10:47:37","modified_gmt":"2025-12-19T09:47:37","slug":"isosimulate","status":"publish","type":"page","link":"https:\/\/osb-connagtive.com\/pt-pt\/produtos\/isosimulate\/","title":{"rendered":"ISOsimulate"},"content":{"rendered":"<div id=\"cs-content\" class=\"cs-content\"><\/div>\n","protected":false},"excerpt":{"rendered":"<p>ISOsimulate Su\u00edte baseada em Windows que simula servidores ISOBUS em CAN, permitindo que o seu equipe teste, valide e crie prot\u00f3tipos sem hardware para um desenvolvimento mais r\u00e1pido e preparado para o futuro.Entre em contatoSimula\u00e7\u00e3o ISOBUS para um desenvolvimento mais r\u00e1pido O desenvolvimento de m\u00e1quinas ou terminais ISOBUS torna-se mais eficiente com um ambiente virtual que permite ao seu equipe &#8230; <\/p>\n<div><a href=\"https:\/\/osb-connagtive.com\/pt-pt\/produtos\/isosimulate\/\" class=\"more-link\">Read More<\/a><\/div>\n","protected":false},"author":2,"featured_media":0,"parent":2293,"menu_order":0,"comment_status":"closed","ping_status":"closed","template":"template-blank-4.php","meta":{"_acf_changed":false,"footnotes":""},"class_list":["post-2430","page","type-page","status-publish","hentry","no-post-thumbnail"],"acf":[],"_links":{"self":[{"href":"https:\/\/osb-connagtive.com\/pt-pt\/wp-json\/wp\/v2\/pages\/2430","targetHints":{"allow":["GET"]}}],"collection":[{"href":"https:\/\/osb-connagtive.com\/pt-pt\/wp-json\/wp\/v2\/pages"}],"about":[{"href":"https:\/\/osb-connagtive.com\/pt-pt\/wp-json\/wp\/v2\/types\/page"}],"author":[{"embeddable":true,"href":"https:\/\/osb-connagtive.com\/pt-pt\/wp-json\/wp\/v2\/users\/2"}],"replies":[{"embeddable":true,"href":"https:\/\/osb-connagtive.com\/pt-pt\/wp-json\/wp\/v2\/comments?post=2430"}],"version-history":[{"count":38,"href":"https:\/\/osb-connagtive.com\/pt-pt\/wp-json\/wp\/v2\/pages\/2430\/revisions"}],"predecessor-version":[{"id":3775,"href":"https:\/\/osb-connagtive.com\/pt-pt\/wp-json\/wp\/v2\/pages\/2430\/revisions\/3775"}],"up":[{"embeddable":true,"href":"https:\/\/osb-connagtive.com\/pt-pt\/wp-json\/wp\/v2\/pages\/2293"}],"wp:attachment":[{"href":"https:\/\/osb-connagtive.com\/pt-pt\/wp-json\/wp\/v2\/media?parent=2430"}],"curies":[{"name":"wp","href":"https:\/\/api.w.org\/{rel}","templated":true}]}}