{"id":2236,"date":"2025-09-05T15:45:17","date_gmt":"2025-09-05T14:45:17","guid":{"rendered":"https:\/\/osb-connagtive.com\/about-us-pt\/"},"modified":"2025-12-19T11:02:52","modified_gmt":"2025-12-19T10:02:52","slug":"sobre-nos","status":"publish","type":"page","link":"https:\/\/osb-connagtive.com\/pt-pt\/sobre-nos\/","title":{"rendered":"Sobre n\u00f3s"},"content":{"rendered":"<div id=\"cs-content\" class=\"cs-content\"><\/div>\n","protected":false},"excerpt":{"rendered":"<p>Sobre n\u00f3s Os especialistas em ISOBUS H\u00e1 mais de 20 anos, a equipe da OSB connagtive est\u00e1 moldando o futuro do software ISOBUS. Em 2021, toda a divis\u00e3o de ISOBUS e software de controle foi separada da antiga OSB AG atrav\u00e9s de uma aquisi\u00e7\u00e3o pela gest\u00e3o e transferida para a OSB connagtive GmbH. Hoje, somos reconhecidos mundialmente como o principal &#8230; <\/p>\n<div><a href=\"https:\/\/osb-connagtive.com\/pt-pt\/sobre-nos\/\" class=\"more-link\">Read More<\/a><\/div>\n","protected":false},"author":2,"featured_media":0,"parent":0,"menu_order":0,"comment_status":"closed","ping_status":"closed","template":"template-blank-4.php","meta":{"_acf_changed":false,"footnotes":""},"class_list":["post-2236","page","type-page","status-publish","hentry","no-post-thumbnail"],"acf":[],"_links":{"self":[{"href":"https:\/\/osb-connagtive.com\/pt-pt\/wp-json\/wp\/v2\/pages\/2236","targetHints":{"allow":["GET"]}}],"collection":[{"href":"https:\/\/osb-connagtive.com\/pt-pt\/wp-json\/wp\/v2\/pages"}],"about":[{"href":"https:\/\/osb-connagtive.com\/pt-pt\/wp-json\/wp\/v2\/types\/page"}],"author":[{"embeddable":true,"href":"https:\/\/osb-connagtive.com\/pt-pt\/wp-json\/wp\/v2\/users\/2"}],"replies":[{"embeddable":true,"href":"https:\/\/osb-connagtive.com\/pt-pt\/wp-json\/wp\/v2\/comments?post=2236"}],"version-history":[{"count":30,"href":"https:\/\/osb-connagtive.com\/pt-pt\/wp-json\/wp\/v2\/pages\/2236\/revisions"}],"predecessor-version":[{"id":4523,"href":"https:\/\/osb-connagtive.com\/pt-pt\/wp-json\/wp\/v2\/pages\/2236\/revisions\/4523"}],"wp:attachment":[{"href":"https:\/\/osb-connagtive.com\/pt-pt\/wp-json\/wp\/v2\/media?parent=2236"}],"curies":[{"name":"wp","href":"https:\/\/api.w.org\/{rel}","templated":true}]}}