{"id":2017,"date":"2025-07-31T11:00:54","date_gmt":"2025-07-31T10:00:54","guid":{"rendered":"https:\/\/osb-connagtive.com\/isosimulate-it\/"},"modified":"2025-12-18T15:30:09","modified_gmt":"2025-12-18T14:30:09","slug":"isosimulate","status":"publish","type":"page","link":"https:\/\/osb-connagtive.com\/it\/prodotti\/isosimulate\/","title":{"rendered":"ISOsimulate"},"content":{"rendered":"<div id=\"cs-content\" class=\"cs-content\"><\/div>\n","protected":false},"excerpt":{"rendered":"<p>ISOsimulate Suite basata su Windows che simula i server ISOBUS su CAN, consentendo al vostro team di testare, convalidare e prototipare senza hardware per uno sviluppo pi\u00f9 rapido e pronto per il futuro. ContattateciSimulazione ISOBUS per uno sviluppo pi\u00f9 rapido Lo sviluppo di macchine o terminali ISOBUS diventa pi\u00f9 efficiente grazie a un ambiente virtuale che consente al vostro team &#8230; <\/p>\n<div><a href=\"https:\/\/osb-connagtive.com\/it\/prodotti\/isosimulate\/\" class=\"more-link\">Read More<\/a><\/div>\n","protected":false},"author":2,"featured_media":0,"parent":1919,"menu_order":0,"comment_status":"closed","ping_status":"closed","template":"template-blank-4.php","meta":{"_acf_changed":false,"footnotes":""},"class_list":["post-2017","page","type-page","status-publish","hentry","no-post-thumbnail"],"acf":[],"_links":{"self":[{"href":"https:\/\/osb-connagtive.com\/it\/wp-json\/wp\/v2\/pages\/2017","targetHints":{"allow":["GET"]}}],"collection":[{"href":"https:\/\/osb-connagtive.com\/it\/wp-json\/wp\/v2\/pages"}],"about":[{"href":"https:\/\/osb-connagtive.com\/it\/wp-json\/wp\/v2\/types\/page"}],"author":[{"embeddable":true,"href":"https:\/\/osb-connagtive.com\/it\/wp-json\/wp\/v2\/users\/2"}],"replies":[{"embeddable":true,"href":"https:\/\/osb-connagtive.com\/it\/wp-json\/wp\/v2\/comments?post=2017"}],"version-history":[{"count":24,"href":"https:\/\/osb-connagtive.com\/it\/wp-json\/wp\/v2\/pages\/2017\/revisions"}],"predecessor-version":[{"id":3615,"href":"https:\/\/osb-connagtive.com\/it\/wp-json\/wp\/v2\/pages\/2017\/revisions\/3615"}],"up":[{"embeddable":true,"href":"https:\/\/osb-connagtive.com\/it\/wp-json\/wp\/v2\/pages\/1919"}],"wp:attachment":[{"href":"https:\/\/osb-connagtive.com\/it\/wp-json\/wp\/v2\/media?parent=2017"}],"curies":[{"name":"wp","href":"https:\/\/api.w.org\/{rel}","templated":true}]}}