{"id":2040,"date":"2025-08-21T16:12:51","date_gmt":"2025-08-21T15:12:51","guid":{"rendered":"https:\/\/osb-connagtive.com\/imprint-fr\/"},"modified":"2025-10-02T15:37:32","modified_gmt":"2025-10-02T14:37:32","slug":"mentions-legales","status":"publish","type":"page","link":"https:\/\/osb-connagtive.com\/fr\/mentions-legales\/","title":{"rendered":"Mentions l\u00e9gales"},"content":{"rendered":"<div id=\"cs-content\" class=\"cs-content\"><\/div>\n","protected":false},"excerpt":{"rendered":"<p>Mentions l\u00e9gales OSB connagtive GmbH Hans-Fischer-Stra\u00dfe 12 80339 M\u00fcnchen Courriel:\u00a0info@osb-connagtive.comSi\u00e8ge social de la soci\u00e9t\u00e9 : Munich Inscription au registre du commerce : Tribunal d&rsquo;instance de Munich : HRB 266952 Num\u00e9ro d&rsquo;identification fiscale conform\u00e9ment au \u00a7 27a de la loi allemande sur la taxe sur le chiffre d&rsquo;affaires (Umsatzsteuergesetz) : DE345017682 Repr\u00e9sentants l\u00e9gaux et responsables du contenu : Robert Strassmeir \/ &#8230; <\/p>\n<div><a href=\"https:\/\/osb-connagtive.com\/fr\/mentions-legales\/\" class=\"more-link\">Read More<\/a><\/div>\n","protected":false},"author":2,"featured_media":0,"parent":0,"menu_order":0,"comment_status":"closed","ping_status":"closed","template":"template-blank-4.php","meta":{"_acf_changed":false,"footnotes":""},"class_list":["post-2040","page","type-page","status-publish","hentry","no-post-thumbnail"],"acf":[],"_links":{"self":[{"href":"https:\/\/osb-connagtive.com\/fr\/wp-json\/wp\/v2\/pages\/2040","targetHints":{"allow":["GET"]}}],"collection":[{"href":"https:\/\/osb-connagtive.com\/fr\/wp-json\/wp\/v2\/pages"}],"about":[{"href":"https:\/\/osb-connagtive.com\/fr\/wp-json\/wp\/v2\/types\/page"}],"author":[{"embeddable":true,"href":"https:\/\/osb-connagtive.com\/fr\/wp-json\/wp\/v2\/users\/2"}],"replies":[{"embeddable":true,"href":"https:\/\/osb-connagtive.com\/fr\/wp-json\/wp\/v2\/comments?post=2040"}],"version-history":[{"count":12,"href":"https:\/\/osb-connagtive.com\/fr\/wp-json\/wp\/v2\/pages\/2040\/revisions"}],"predecessor-version":[{"id":2056,"href":"https:\/\/osb-connagtive.com\/fr\/wp-json\/wp\/v2\/pages\/2040\/revisions\/2056"}],"wp:attachment":[{"href":"https:\/\/osb-connagtive.com\/fr\/wp-json\/wp\/v2\/media?parent=2040"}],"curies":[{"name":"wp","href":"https:\/\/api.w.org\/{rel}","templated":true}]}}