{"id":1862,"date":"2025-07-31T11:01:24","date_gmt":"2025-07-31T10:01:24","guid":{"rendered":"https:\/\/osb-connagtive.com\/isotest-fr\/"},"modified":"2025-12-18T11:06:52","modified_gmt":"2025-12-18T10:06:52","slug":"isotest","status":"publish","type":"page","link":"https:\/\/osb-connagtive.com\/fr\/produits\/isotest\/","title":{"rendered":"ISOtest"},"content":{"rendered":"<div id=\"cs-content\" class=\"cs-content\"><\/div>\n","protected":false},"excerpt":{"rendered":"<p>ISOtest Con\u00e7u pour tester les Task Controllers, les terminaux virtuels et les fonctions auxiliaires, ISOtest offre \u00e0 votre \u00e9quipe un environnement flexible pour valider les syst\u00e8mes virtuellement ou avec du mat\u00e9riel CAN r\u00e9el. Obtenez une certification plus rapide, r\u00e9duisez vos co\u00fbts et obtenez des r\u00e9sultats fiables conformes \u00e0 la norme AEF. Nous contacterV\u00e9rification ISOBUS efficace D&eacute;velopper des solutions ISOBUS implique &#8230; <\/p>\n<div><a href=\"https:\/\/osb-connagtive.com\/fr\/produits\/isotest\/\" class=\"more-link\">Read More<\/a><\/div>\n","protected":false},"author":2,"featured_media":0,"parent":1774,"menu_order":0,"comment_status":"closed","ping_status":"closed","template":"template-blank-4.php","meta":{"_acf_changed":false,"footnotes":""},"class_list":["post-1862","page","type-page","status-publish","hentry","no-post-thumbnail"],"acf":[],"_links":{"self":[{"href":"https:\/\/osb-connagtive.com\/fr\/wp-json\/wp\/v2\/pages\/1862","targetHints":{"allow":["GET"]}}],"collection":[{"href":"https:\/\/osb-connagtive.com\/fr\/wp-json\/wp\/v2\/pages"}],"about":[{"href":"https:\/\/osb-connagtive.com\/fr\/wp-json\/wp\/v2\/types\/page"}],"author":[{"embeddable":true,"href":"https:\/\/osb-connagtive.com\/fr\/wp-json\/wp\/v2\/users\/2"}],"replies":[{"embeddable":true,"href":"https:\/\/osb-connagtive.com\/fr\/wp-json\/wp\/v2\/comments?post=1862"}],"version-history":[{"count":28,"href":"https:\/\/osb-connagtive.com\/fr\/wp-json\/wp\/v2\/pages\/1862\/revisions"}],"predecessor-version":[{"id":3487,"href":"https:\/\/osb-connagtive.com\/fr\/wp-json\/wp\/v2\/pages\/1862\/revisions\/3487"}],"up":[{"embeddable":true,"href":"https:\/\/osb-connagtive.com\/fr\/wp-json\/wp\/v2\/pages\/1774"}],"wp:attachment":[{"href":"https:\/\/osb-connagtive.com\/fr\/wp-json\/wp\/v2\/media?parent=1862"}],"curies":[{"name":"wp","href":"https:\/\/api.w.org\/{rel}","templated":true}]}}