{"id":1812,"date":"2025-07-31T10:59:52","date_gmt":"2025-07-31T09:59:52","guid":{"rendered":"https:\/\/osb-connagtive.com\/isocores-fr\/"},"modified":"2025-12-18T10:48:49","modified_gmt":"2025-12-18T09:48:49","slug":"isocores","status":"publish","type":"page","link":"https:\/\/osb-connagtive.com\/fr\/produits\/isocores\/","title":{"rendered":"ISOcores"},"content":{"rendered":"<div id=\"cs-content\" class=\"cs-content\"><\/div>\n","protected":false},"excerpt":{"rendered":"<p>ISOcores Con\u00e7u pour les terminaux agricoles et les applications c\u00f4t\u00e9 serveur, ISOcores offre la flexibilit\u00e9 n\u00e9cessaire pour fonctionner sur les plateformes modernes tout en garantissant une conformit\u00e9 totale avec l&rsquo;AEF. D\u00e9veloppez des logiciels ISOBUS certifi\u00e9s plus rapidement, de mani\u00e8re plus s\u00fbre et avec une fiabilit\u00e9 durable.Nous contacterLa base modulaire pour les applications serveur ISOBUS Avec ISOcores, vous pouvez d\u00e9velopper rapidement &#8230; <\/p>\n<div><a href=\"https:\/\/osb-connagtive.com\/fr\/produits\/isocores\/\" class=\"more-link\">Read More<\/a><\/div>\n","protected":false},"author":2,"featured_media":0,"parent":1774,"menu_order":0,"comment_status":"closed","ping_status":"closed","template":"template-blank-4.php","meta":{"_acf_changed":false,"footnotes":""},"class_list":["post-1812","page","type-page","status-publish","hentry","no-post-thumbnail"],"acf":[],"_links":{"self":[{"href":"https:\/\/osb-connagtive.com\/fr\/wp-json\/wp\/v2\/pages\/1812","targetHints":{"allow":["GET"]}}],"collection":[{"href":"https:\/\/osb-connagtive.com\/fr\/wp-json\/wp\/v2\/pages"}],"about":[{"href":"https:\/\/osb-connagtive.com\/fr\/wp-json\/wp\/v2\/types\/page"}],"author":[{"embeddable":true,"href":"https:\/\/osb-connagtive.com\/fr\/wp-json\/wp\/v2\/users\/2"}],"replies":[{"embeddable":true,"href":"https:\/\/osb-connagtive.com\/fr\/wp-json\/wp\/v2\/comments?post=1812"}],"version-history":[{"count":44,"href":"https:\/\/osb-connagtive.com\/fr\/wp-json\/wp\/v2\/pages\/1812\/revisions"}],"predecessor-version":[{"id":3176,"href":"https:\/\/osb-connagtive.com\/fr\/wp-json\/wp\/v2\/pages\/1812\/revisions\/3176"}],"up":[{"embeddable":true,"href":"https:\/\/osb-connagtive.com\/fr\/wp-json\/wp\/v2\/pages\/1774"}],"wp:attachment":[{"href":"https:\/\/osb-connagtive.com\/fr\/wp-json\/wp\/v2\/media?parent=1812"}],"curies":[{"name":"wp","href":"https:\/\/api.w.org\/{rel}","templated":true}]}}