{"id":1703,"date":"2025-07-23T10:49:22","date_gmt":"2025-07-23T09:49:22","guid":{"rendered":"https:\/\/osb-connagtive.com\/osb-connagtive-es\/"},"modified":"2025-12-19T11:32:12","modified_gmt":"2025-12-19T10:32:12","slug":"osb-connagtive","status":"publish","type":"page","link":"https:\/\/osb-connagtive.com\/es\/","title":{"rendered":"OSB connagtive (ES)"},"content":{"rendered":"<div id=\"cs-content\" class=\"cs-content\"><\/div>\n","protected":false},"excerpt":{"rendered":"<p>OSB connagtive Los expertos en ISOBUS Desarrollo de software y sistemas de alta calidad para maquinaria m\u00f3vil. Aproveche m\u00e1s de 20 a\u00f1os de experiencia en software de control y comunicaci\u00f3n ISOBUS de \u00faltima generaci\u00f3n para maquinaria m\u00f3vil. Una completa gama de m\u00f3dulos cliente y servidor definidos por la AEF y estandarizados seg\u00fan la norma ISO 11783, combinada con servicios personalizados &#8230; <\/p>\n<div><a href=\"https:\/\/osb-connagtive.com\/es\/\" class=\"more-link\">Read More<\/a><\/div>\n","protected":false},"author":2,"featured_media":0,"parent":0,"menu_order":0,"comment_status":"closed","ping_status":"closed","template":"template-blank-4.php","meta":{"_acf_changed":false,"footnotes":""},"class_list":["post-1703","page","type-page","status-publish","hentry","no-post-thumbnail"],"acf":[],"_links":{"self":[{"href":"https:\/\/osb-connagtive.com\/es\/wp-json\/wp\/v2\/pages\/1703","targetHints":{"allow":["GET"]}}],"collection":[{"href":"https:\/\/osb-connagtive.com\/es\/wp-json\/wp\/v2\/pages"}],"about":[{"href":"https:\/\/osb-connagtive.com\/es\/wp-json\/wp\/v2\/types\/page"}],"author":[{"embeddable":true,"href":"https:\/\/osb-connagtive.com\/es\/wp-json\/wp\/v2\/users\/2"}],"replies":[{"embeddable":true,"href":"https:\/\/osb-connagtive.com\/es\/wp-json\/wp\/v2\/comments?post=1703"}],"version-history":[{"count":578,"href":"https:\/\/osb-connagtive.com\/es\/wp-json\/wp\/v2\/pages\/1703\/revisions"}],"predecessor-version":[{"id":5002,"href":"https:\/\/osb-connagtive.com\/es\/wp-json\/wp\/v2\/pages\/1703\/revisions\/5002"}],"wp:attachment":[{"href":"https:\/\/osb-connagtive.com\/es\/wp-json\/wp\/v2\/media?parent=1703"}],"curies":[{"name":"wp","href":"https:\/\/api.w.org\/{rel}","templated":true}]}}