{"id":825,"date":"2025-08-21T16:12:51","date_gmt":"2025-08-21T15:12:51","guid":{"rendered":"https:\/\/osb-connagtive.com\/imprint\/"},"modified":"2025-09-10T16:17:18","modified_gmt":"2025-09-10T15:17:18","slug":"impressum","status":"publish","type":"page","link":"https:\/\/osb-connagtive.com\/de\/impressum\/","title":{"rendered":"Impressum"},"content":{"rendered":"<div id=\"cs-content\" class=\"cs-content\"><\/div>\n","protected":false},"excerpt":{"rendered":"<p>Impressum OSB connagtive GmbH Hans-Fischer-Stra\u00dfe 12 80339 M\u00fcnchen E-Mail:\u00a0info@osb-connagtive.comSitz der Gesellschaft: M\u00fcnchen Handelsregistereintrag: Amtsgericht M\u00fcnchen: HRB 266952 Umsatzsteuer-Identifikationsnummer gem\u00e4\u00df \u00a7 27a Umsatzsteuergesetz: DE345017682 Vertretungsberechtigt und verantwortlich f\u00fcr den Inhalt: Robert Strassmeir \/ Dr. Matthias Rothmund.Inhalt der Website F\u00fcr die Richtigkeit und Vollst\u00e4ndigkeit sowie Aktualit\u00e4t der auf der Website befindlichen Informationen wird keine Gew\u00e4hr \u00fcbernommen. Alle Angebote sind freibleibend und unverbindlich. &#8230; <\/p>\n<div><a href=\"https:\/\/osb-connagtive.com\/de\/impressum\/\" class=\"more-link\">Read More<\/a><\/div>\n","protected":false},"author":2,"featured_media":0,"parent":0,"menu_order":0,"comment_status":"closed","ping_status":"closed","template":"template-blank-4.php","meta":{"_acf_changed":false,"footnotes":""},"class_list":["post-825","page","type-page","status-publish","hentry","no-post-thumbnail"],"acf":[],"_links":{"self":[{"href":"https:\/\/osb-connagtive.com\/de\/wp-json\/wp\/v2\/pages\/825","targetHints":{"allow":["GET"]}}],"collection":[{"href":"https:\/\/osb-connagtive.com\/de\/wp-json\/wp\/v2\/pages"}],"about":[{"href":"https:\/\/osb-connagtive.com\/de\/wp-json\/wp\/v2\/types\/page"}],"author":[{"embeddable":true,"href":"https:\/\/osb-connagtive.com\/de\/wp-json\/wp\/v2\/users\/2"}],"replies":[{"embeddable":true,"href":"https:\/\/osb-connagtive.com\/de\/wp-json\/wp\/v2\/comments?post=825"}],"version-history":[{"count":12,"href":"https:\/\/osb-connagtive.com\/de\/wp-json\/wp\/v2\/pages\/825\/revisions"}],"predecessor-version":[{"id":1504,"href":"https:\/\/osb-connagtive.com\/de\/wp-json\/wp\/v2\/pages\/825\/revisions\/1504"}],"wp:attachment":[{"href":"https:\/\/osb-connagtive.com\/de\/wp-json\/wp\/v2\/media?parent=825"}],"curies":[{"name":"wp","href":"https:\/\/api.w.org\/{rel}","templated":true}]}}